{"id":130,"date":"2025-06-03T12:06:27","date_gmt":"2025-06-03T10:06:27","guid":{"rendered":"https:\/\/www.fprh.fr\/?page_id=130"},"modified":"2025-06-03T12:09:24","modified_gmt":"2025-06-03T10:09:24","slug":"mentions-legales","status":"publish","type":"page","link":"https:\/\/www.fprh.fr\/index.php\/mentions-legales\/","title":{"rendered":"Mentions l\u00e9gales"},"content":{"rendered":"\n<h1 class=\"wp-block-heading\"><\/h1>\n\n\n\n<p>La poursuite de la navigation sur ce&nbsp;site&nbsp;vaut acceptation sans r\u00e9serve des dispositions et conditions d\u2019utilisation qui suivent. La version actuellement en ligne de ces conditions d\u2019utilisation est la seule opposable pendant toute la dur\u00e9e d\u2019utilisation du&nbsp;site&nbsp;et jusqu\u2019\u00e0 ce qu\u2019une nouvelle version la remplace.<\/p>\n\n\n\n<ul class=\"wp-block-list\">\n<li><strong>D\u00e9signation du site<\/strong><br>Nom du site :<a href=\"http:\/\/www.fprh.fr\/\"> http:\/\/www.fprh.fr<\/a><br>Site Internet de l\u2019association F\u00e9d\u00e9ration nationale des P\u00f4les de r\u00e9f\u00e9rence et R\u00e9seaux H\u00e9patites (FPRH)<\/li>\n\n\n\n<li><strong>Edition<\/strong><br>Ce site est \u00e9dit\u00e9 par F\u00e9d\u00e9ration nationale des P\u00f4les de r\u00e9f\u00e9rence et R\u00e9seaux H\u00e9patites (FPRH), association loi 1901, sise (chez AFEF)79, boulevard du Montparnasse 75006 PARIS.<br>La direction de publication est assur\u00e9e par : Fr\u00e9d\u00e9ric Chaffraix, Vice-Pr\u00e9sident de la FPRH.<\/li>\n\n\n\n<li><strong>Raison sociale<\/strong><br>F\u00e9d\u00e9ration nationale des P\u00f4les de r\u00e9f\u00e9rence et R\u00e9seaux H\u00e9patites (FPRH) <br>Adresse si\u00e8ge social : F\u00e9d\u00e9ration des P\u00f4les de R\u00e9f\u00e9rence H\u00e9patites (FPRH) (chez AFEF)79, boulevard du Montparnasse 75006 PARIS<\/li>\n\n\n\n<li>Courriel :secretariat@fprh.fr<br>N\u00b0 SIRET : 444 551 790 00 025<\/li>\n\n\n\n<li><strong>H\u00e9bergeur du site :&nbsp;<\/strong><br>OVH &#8211; 2 rue kellermann BP 80157 59053 ROUBAIX CEDEX 1 &#8211; France SIREN : 424 761 419<\/li>\n\n\n\n<li><strong>La mission du site de F\u00e9d\u00e9ration des P\u00f4les de R\u00e9f\u00e9rence H\u00e9patites (FPRH)<\/strong><br>Ce site internet est principalement destin\u00e9 au personnel de sant\u00e9 comme des m\u00e9decins, chercheurs, infirmiers, personnes du m\u00e9dico-social bien que certains sujets int\u00e9ressent le grand public, \u2026 Il pr\u00e9sente des informations g\u00e9n\u00e9rales sur les activit\u00e9 de l&rsquo;association mais aussi sur les h\u00e9patites virales et maladies du foie.<br>Les informations fournies sont destin\u00e9es \u00e0 am\u00e9liorer l\u2019information du professionnels.\u00a0L\u2019Association FPRH rappelle que le contenu de son site internet peut contenir des erreurs ou oublis, susceptibles d\u2019\u00eatre modifi\u00e9s ou mis \u00e0 jour. Pour toute remarque, vous pouvez nous contacter en envoyant un courriel \u00e0 <a href=\"mailto:secretariat@fprh.fr\" target=\"_blank\" rel=\"noreferrer noopener\">secretariat@fprh.fr <\/a>\u00a0<\/li>\n\n\n\n<li><strong>Contenu du site&nbsp;<\/strong><br>L\u2019acc\u00e8s au&nbsp;site&nbsp;et son utilisation sont r\u00e9serv\u00e9s \u00e0 un usage strictement personnel. Vous vous engagez \u00e0 ne pas utiliser ce&nbsp;site&nbsp;et les informations ou donn\u00e9es qui y figurent \u00e0 des fins commerciales, politiques, publicitaires et pour toute forme de sollicitation commerciale et notamment l\u2019envoi de courriers \u00e9lectroniques non sollicit\u00e9s.<\/li>\n\n\n\n<li><strong>Mentions relatives \u00e0 l\u2019utilisation de cookies&nbsp;<\/strong><br>Un cookie est un petit fichier informatique, un traceur. Il permet d\u2019analyser le comportement des usagers lors de la visite d\u2019un site internet, de la lecture d\u2019un courrier \u00e9lectronique, de l\u2019installation ou de l\u2019utilisation d\u2019un logiciel ou d\u2019une application mobile.<br><br>Ce site utilise les cookies suivants :\n<ol class=\"wp-block-list\">\n<li><strong>Cookies techniques ou fonctionnels<\/strong><br>Certains cookies assurent le fonctionnement correct de certaines parties du site web et la prise en compte de vos pr\u00e9f\u00e9rences en tant qu\u2019utilisateur. En pla\u00e7ant des cookies fonctionnels, nous vous facilitons la visite de notre site web. Ainsi, vous n\u2019avez pas besoin de saisir \u00e0 plusieurs reprises les m\u00eames informations lors de la visite de notre site web et, par exemple, les \u00e9l\u00e9ments restent dans votre panier jusqu\u2019\u00e0 votre paiement. Nous pouvons placer ces cookies sans votre consentement.<\/li>\n\n\n\n<li><strong>Cookies analytiques<\/strong><br>Nous utilisons des cookies analytiques afin d\u2019optimiser l\u2019exp\u00e9rience des utilisateurs sur notre site web. Avec ces cookies analytiques, nous obtenons des informations sur l\u2019utilisation de notre site web.&nbsp;Nous demandons votre permission pour placer des cookies analytiques.<\/li>\n\n\n\n<li><strong>Cookies de marketing\/suivi<\/strong><br>Les cookies de marketing\/suivi sont des cookies ou toute autre forme de stockage local, utilis\u00e9s pour cr\u00e9er des profils d\u2019utilisateurs afin d\u2019afficher de la publicit\u00e9 ou de suivre l\u2019utilisateur sur ce site web ou sur plusieurs sites web \u00e0 des fins de marketing similaires.<\/li>\n\n\n\n<li><strong>Boutons de r\u00e9seaux sociaux<\/strong><br>Nous avons inclus sur notre site web des boutons pour que les Facebook et Twitter puissent promouvoir des pages web (par ex. \u00ab&nbsp;J\u2019aime&nbsp;\u00bb, \u00ab&nbsp;Enregistrer&nbsp;\u00bb) ou partager (par ex. \u00ab&nbsp;Tweeter&nbsp;\u00bb) sur des r\u00e9seaux sociaux tels que Facebook et Twitter. Ces boutons fonctionnent avec des morceaux de code provenant des Facebook et Twitter eux-m\u00eames. Ce code place des cookies. Ces boutons de r\u00e9seaux sociaux peuvent \u00e9galement stocker et traiter certaines informations afin de vous montrer des publicit\u00e9s personnalis\u00e9es.<br>Veuillez lire la d\u00e9claration de confidentialit\u00e9 de ces r\u00e9seaux sociaux (qui peut \u00eatre modifi\u00e9e r\u00e9guli\u00e8rement) afin de savoir ce qu\u2019ils font de vos donn\u00e9es (personnelles) trait\u00e9es en utilisant ces cookies. Les donn\u00e9es r\u00e9cup\u00e9r\u00e9es sont anonymis\u00e9es autant que possible. Facebook et Twitter se trouvent aux \u00c9tats-Unis.<br><br>Lorsque vous visitez notre site web pour la premi\u00e8re fois, nous vous afficherons une fen\u00eatre contextuelle avec une explication sur les cookies. Vous pouvez soit **Tout accepter**, soit **Tout refuser** ou **R\u00e9voquer le consentement** avant de poursuivre votre navigation lors de votre premi\u00e8re visite.&nbsp;<br><br>Ces cookies ne sont d\u00e9pos\u00e9s que si vous donnez votre accord. Vous pouvez vous informer sur la nature des cookies d\u00e9pos\u00e9s, les accepter ou les refuser soit globalement pour l\u2019ensemble du site et l\u2019ensemble des services, soit service par service. La dur\u00e9e de validit\u00e9 du consentement donn\u00e9 dans ce cadre est de 13 mois maximum.<br>Vous pouvez utiliser votre navigateur internet pour supprimer automatiquement ou manuellement les cookies. Vous pouvez \u00e9galement sp\u00e9cifier que certains cookies ne peuvent pas \u00eatre plac\u00e9s. Une autre option consiste \u00e0 modifier les r\u00e9glages de votre navigateur internet afin que vous receviez un message \u00e0 chaque fois qu\u2019un cookie est plac\u00e9. Pour plus d\u2019informations sur ces options, reportez-vous aux instructions de la section Aide de votre navigateur.<br>Veuillez noter que notre site web peut ne pas marcher correctement si tous les cookies sont d\u00e9sactiv\u00e9s. Si vous supprimez les cookies dans votre navigateur, ils seront de nouveau plac\u00e9s apr\u00e8s votre consentement lorsque vous revisiterez nos sites web.<\/li>\n<\/ol>\n<\/li>\n\n\n\n<li><strong>Droits d\u2019auteur et copyright<\/strong><br>Le site http:\/\/www.fprh.fr\/\u00a0 peut contenir des liens hypertextes menant vers d\u2019autres sites pr\u00e9sents sur le r\u00e9seau Internet. Les liens vers ces autres ressources font parfois quitter le site de l\u2019association. L\u2019\u00e9diteur ne peut \u00eatre tenu pour responsable des produits, des informations, du contenu figurant sur les sites li\u00e9s.<br>Tous les \u00e9l\u00e9ments graphiques ou intellectuels originaux (structure g\u00e9n\u00e9rale et contenu des documents, \u00e9l\u00e9ments graphiques, textes, photos et images, sons) et tout autre \u00e9l\u00e9ment composant ce site sont prot\u00e9g\u00e9s par le droit d\u2019auteur au sens des articles L. 111-1 et suivants du Code de la propri\u00e9t\u00e9 intellectuelle en France et \u00e0 l\u2019\u00e9tranger par les conventions internationales en vigueur sur le droit d\u2019auteur. L\u2019ensemble de ce site Internet rel\u00e8ve de la l\u00e9gislation fran\u00e7aise et internationale sur le droit d\u2019auteur et la propri\u00e9t\u00e9 intellectuelle. Tous les droits de reproduction sont r\u00e9serv\u00e9s, y compris pour les documents t\u00e9l\u00e9chargeables et les repr\u00e9sentations iconographiques et photographiques. La reproduction de tout ou partie de ce site sur un support \u00e9lectronique quel qu\u2019il soit est formellement interdite sauf autorisation expresse de l\u2019Association FPRH.<br>Vous reconnaissez ainsi express\u00e9ment que toute reproduction totale ou partielle, modification ou utilisation est strictement interdite. Toute violation du pr\u00e9sent article constituerait une contrefa\u00e7on, susceptible de sanctions p\u00e9nales et civiles en application des articles L. 335-2 et suivants du Code de la Propri\u00e9t\u00e9 Intellectuelle.La violation de l\u2019un de ces droits est un d\u00e9lit de contrefa\u00e7on passible de poursuites. Le fait pour l\u2019\u00e9diteur de ne pas engager de proc\u00e9dure d\u00e8s la prise de connaissance de ces utilisations non autoris\u00e9es ne vaut pas acceptation desdites utilisations et renonciation aux poursuites.<\/li>\n\n\n\n<li><strong>Mentions relatives \u00e0 l\u2019utilisation de donn\u00e9es personnelles<\/strong><br>Des informations \u00e0 caract\u00e8re personnel (nom, pr\u00e9nom, adresse \u00e9lectroniques) sont recueillies sur ce formulaire et enregistr\u00e9es dans un fichier informatis\u00e9 par FPRH. Elles sont destin\u00e9es au service administratif de l\u2019association \u00e0 des fins de gestion interne, pour vous informer, vous adresser une newsletter ou r\u00e9pondre \u00e0 vos demandes.&nbsp;<br>Ces donn\u00e9es peuvent faire l\u2019objet d\u2019un transfert \u00e0 des tiers au sein de l\u2019Union Europ\u00e9enne. Dans le cadre d\u2019un transfert vers un pays hors Union Europ\u00e9enne, des r\u00e8gles assurant la protection et la s\u00e9curit\u00e9 de ces donn\u00e9es ont \u00e9t\u00e9 mises en place. Le d\u00e9tail de ces r\u00e8gles et des informations relatives au transfert est disponible sur simple demande adress\u00e9e \u00e0 <a href=\"mailto:secretariat@fprh.fr\"><\/a><a href=\"mailto:alsace.lorraine@soshepatites.fr\"><\/a><a href=\"mailto:secretariat@fprh.fr\" target=\"_blank\" rel=\"noreferrer noopener\">secretariat@fprh.fr <\/a>.<br>En consultant le site, vous consentez au transfert de ces donn\u00e9es.<br>Elles sont conserv\u00e9es pendant la dur\u00e9e strictement n\u00e9cessaire \u00e0 la r\u00e9alisation des finalit\u00e9s pr\u00e9cit\u00e9es.<br>Conform\u00e9ment \u00e0 la loi \u00ab informatique et libert\u00e9s \u00bb et au R\u00e8glement G\u00e9n\u00e9ral de Protection des Donn\u00e9es (RGPD), vous pouvez vous opposer \u00e0 l\u2019utilisation de vos donn\u00e9es \u00e0 caract\u00e8re personnel sur simple demande aupr\u00e8s du service administratif :\n\n\n<ul class=\"wp-block-list\">\n<li>Par mail \u00e0&nbsp; <a href=\"mailto:alsace.lorraine@soshepatites.fr\"><\/a><a href=\"mailto:secretariat@fprh.fr\" target=\"_blank\" rel=\"noreferrer noopener\">secretariat@fprh.fr <\/a>.<\/li>\n\n\n\n<li>Par courrier \u00e0&nbsp; FPRH \u2013 (chez AFEF) 79, boulevard du Montparnasse 75006 PARIS.<\/li>\n\n\n\n<li>Vous pouvez \u00e9galement introduire une r\u00e9clamation aupr\u00e8s de la CNIL.<\/li>\n<\/ul>\n<\/li>\n<\/ul>\n\n\n\n<p>Vous b\u00e9n\u00e9ficiez d\u2019un droit d\u2019acc\u00e8s \u00e0 vos donn\u00e9es pour leur rectification, limitation, portabilit\u00e9 ou effacement, en contactant : <a href=\"mailto:secretariat@fprh.fr\" target=\"_blank\" rel=\"noreferrer noopener\">secretariat@fprh.fr <\/a>.<br>Si vous nous donnez votre consentement pour le traitement de vos donn\u00e9es, vous avez le droit de r\u00e9voquer ce consentement et de faire supprimer vos donn\u00e9es personnelles.<br>Ainsi, vous pouvez \u00e0 tout moment demander la d\u00e9sinscription \u00e0 la newsletter ou la suppression de vos donn\u00e9es personnelles \u00e0 l\u2019aide du formulaire de contact ou lors de la r\u00e9ception de la newsletter (lien de d\u00e9sinscription en bas)<\/p>\n\n\n\n<ul class=\"wp-block-list\">\n<li><strong>Fiscalit\u00e9 de mon don&nbsp;<\/strong><br>Votre don est d\u00e9ductible de votre imp\u00f4t \u00e0 hauteur de 66% de son montant, dans la limite de 20% de votre revenu net imposable.&nbsp;<\/li>\n\n\n\n<li><strong>Contacts<\/strong><br>Pour toutes questions relatives au site internet, veuillez contacter par mail l\u2019association (secretariat@fprh.fr).&nbsp;Questions d\u2019ordre g\u00e9n\u00e9ral : <a href=\"mailto:secretariat@fprh.fr\">secretariat@fprh.fr <\/a> .<\/li>\n<\/ul>\n","protected":false},"excerpt":{"rendered":"<p>La poursuite de la navigation sur ce&nbsp;site&nbsp;vaut acceptation sans r\u00e9serve des dispositions et conditions d\u2019utilisation qui suivent. La version actuellement en ligne de ces conditions d\u2019utilisation est la seule opposable pendant toute la dur\u00e9e d\u2019utilisation du&nbsp;site&nbsp;et jusqu\u2019\u00e0 ce qu\u2019une nouvelle version la remplace. Vous b\u00e9n\u00e9ficiez d\u2019un droit d\u2019acc\u00e8s \u00e0 vos donn\u00e9es pour leur rectification, limitation, [&hellip;]<\/p>\n","protected":false},"author":1,"featured_media":0,"parent":0,"menu_order":0,"comment_status":"closed","ping_status":"closed","template":"","meta":{"footnotes":""},"class_list":["post-130","page","type-page","status-publish","hentry"],"yoast_head":"<!-- This site is optimized with the Yoast SEO plugin v25.7 - https:\/\/yoast.com\/wordpress\/plugins\/seo\/ -->\n<title>Mentions l\u00e9gales - FPRH - la federation des centres experts h\u00e9patites<\/title>\n<meta name=\"robots\" content=\"index, follow, max-snippet:-1, max-image-preview:large, max-video-preview:-1\" \/>\n<link rel=\"canonical\" href=\"https:\/\/www.fprh.fr\/index.php\/mentions-legales\/\" \/>\n<meta property=\"og:locale\" content=\"fr_FR\" \/>\n<meta property=\"og:type\" content=\"article\" \/>\n<meta property=\"og:title\" content=\"Mentions l\u00e9gales - FPRH - la federation des centres experts h\u00e9patites\" \/>\n<meta property=\"og:description\" content=\"La poursuite de la navigation sur ce&nbsp;site&nbsp;vaut acceptation sans r\u00e9serve des dispositions et conditions d\u2019utilisation qui suivent. La version actuellement en ligne de ces conditions d\u2019utilisation est la seule opposable pendant toute la dur\u00e9e d\u2019utilisation du&nbsp;site&nbsp;et jusqu\u2019\u00e0 ce qu\u2019une nouvelle version la remplace. Vous b\u00e9n\u00e9ficiez d\u2019un droit d\u2019acc\u00e8s \u00e0 vos donn\u00e9es pour leur rectification, limitation, [&hellip;]\" \/>\n<meta property=\"og:url\" content=\"https:\/\/www.fprh.fr\/index.php\/mentions-legales\/\" \/>\n<meta property=\"og:site_name\" content=\"FPRH - la federation des centres experts h\u00e9patites\" \/>\n<meta property=\"article:modified_time\" content=\"2025-06-03T10:09:24+00:00\" \/>\n<meta property=\"og:image\" content=\"https:\/\/www.fprh.fr\/wp-content\/uploads\/2025\/05\/logo_FPRH_2025.jpg\" \/>\n\t<meta property=\"og:image:width\" content=\"341\" \/>\n\t<meta property=\"og:image:height\" content=\"172\" \/>\n\t<meta property=\"og:image:type\" content=\"image\/jpeg\" \/>\n<meta name=\"twitter:card\" content=\"summary_large_image\" \/>\n<meta name=\"twitter:label1\" content=\"Dur\u00e9e de lecture estim\u00e9e\" \/>\n\t<meta name=\"twitter:data1\" content=\"8 minutes\" \/>\n<script type=\"application\/ld+json\" class=\"yoast-schema-graph\">{\"@context\":\"https:\/\/schema.org\",\"@graph\":[{\"@type\":\"WebPage\",\"@id\":\"https:\/\/www.fprh.fr\/index.php\/mentions-legales\/\",\"url\":\"https:\/\/www.fprh.fr\/index.php\/mentions-legales\/\",\"name\":\"Mentions l\u00e9gales - FPRH - la federation des centres experts h\u00e9patites\",\"isPartOf\":{\"@id\":\"https:\/\/www.fprh.fr\/#website\"},\"datePublished\":\"2025-06-03T10:06:27+00:00\",\"dateModified\":\"2025-06-03T10:09:24+00:00\",\"breadcrumb\":{\"@id\":\"https:\/\/www.fprh.fr\/index.php\/mentions-legales\/#breadcrumb\"},\"inLanguage\":\"fr-FR\",\"potentialAction\":[{\"@type\":\"ReadAction\",\"target\":[\"https:\/\/www.fprh.fr\/index.php\/mentions-legales\/\"]}]},{\"@type\":\"BreadcrumbList\",\"@id\":\"https:\/\/www.fprh.fr\/index.php\/mentions-legales\/#breadcrumb\",\"itemListElement\":[{\"@type\":\"ListItem\",\"position\":1,\"name\":\"Accueil\",\"item\":\"https:\/\/www.fprh.fr\/\"},{\"@type\":\"ListItem\",\"position\":2,\"name\":\"Mentions l\u00e9gales\"}]},{\"@type\":\"WebSite\",\"@id\":\"https:\/\/www.fprh.fr\/#website\",\"url\":\"https:\/\/www.fprh.fr\/\",\"name\":\"FPRH - la federation des centre experts h\u00e9patites\",\"description\":\"Ensemble contre les Maladies du Foie !\",\"publisher\":{\"@id\":\"https:\/\/www.fprh.fr\/#organization\"},\"alternateName\":\"FPRH\",\"potentialAction\":[{\"@type\":\"SearchAction\",\"target\":{\"@type\":\"EntryPoint\",\"urlTemplate\":\"https:\/\/www.fprh.fr\/?s={search_term_string}\"},\"query-input\":{\"@type\":\"PropertyValueSpecification\",\"valueRequired\":true,\"valueName\":\"search_term_string\"}}],\"inLanguage\":\"fr-FR\"},{\"@type\":\"Organization\",\"@id\":\"https:\/\/www.fprh.fr\/#organization\",\"name\":\"F\u00e9d\u00e9ration nationale des P\u00f4les de r\u00e9f\u00e9rence et R\u00e9seaux H\u00e9patites (FPRH)\",\"url\":\"https:\/\/www.fprh.fr\/\",\"logo\":{\"@type\":\"ImageObject\",\"inLanguage\":\"fr-FR\",\"@id\":\"https:\/\/www.fprh.fr\/#\/schema\/logo\/image\/\",\"url\":\"https:\/\/www.fprh.fr\/wp-content\/uploads\/2025\/05\/logo_FPRH_2025.jpg\",\"contentUrl\":\"https:\/\/www.fprh.fr\/wp-content\/uploads\/2025\/05\/logo_FPRH_2025.jpg\",\"width\":341,\"height\":172,\"caption\":\"F\u00e9d\u00e9ration nationale des P\u00f4les de r\u00e9f\u00e9rence et R\u00e9seaux H\u00e9patites (FPRH)\"},\"image\":{\"@id\":\"https:\/\/www.fprh.fr\/#\/schema\/logo\/image\/\"},\"sameAs\":[\"https:\/\/www.linkedin.com\/company\/fprh-f\u00e9d\u00e9ration-nationale-des-p\u00f4les-de-r\u00e9f\u00e9rence-et-r\u00e9seaux-h\u00e9patites\/\"]}]}<\/script>\n<!-- \/ Yoast SEO plugin. -->","yoast_head_json":{"title":"Mentions l\u00e9gales - FPRH - la federation des centres experts h\u00e9patites","robots":{"index":"index","follow":"follow","max-snippet":"max-snippet:-1","max-image-preview":"max-image-preview:large","max-video-preview":"max-video-preview:-1"},"canonical":"https:\/\/www.fprh.fr\/index.php\/mentions-legales\/","og_locale":"fr_FR","og_type":"article","og_title":"Mentions l\u00e9gales - FPRH - la federation des centres experts h\u00e9patites","og_description":"La poursuite de la navigation sur ce&nbsp;site&nbsp;vaut acceptation sans r\u00e9serve des dispositions et conditions d\u2019utilisation qui suivent. La version actuellement en ligne de ces conditions d\u2019utilisation est la seule opposable pendant toute la dur\u00e9e d\u2019utilisation du&nbsp;site&nbsp;et jusqu\u2019\u00e0 ce qu\u2019une nouvelle version la remplace. Vous b\u00e9n\u00e9ficiez d\u2019un droit d\u2019acc\u00e8s \u00e0 vos donn\u00e9es pour leur rectification, limitation, [&hellip;]","og_url":"https:\/\/www.fprh.fr\/index.php\/mentions-legales\/","og_site_name":"FPRH - la federation des centres experts h\u00e9patites","article_modified_time":"2025-06-03T10:09:24+00:00","og_image":[{"width":341,"height":172,"url":"https:\/\/www.fprh.fr\/wp-content\/uploads\/2025\/05\/logo_FPRH_2025.jpg","type":"image\/jpeg"}],"twitter_card":"summary_large_image","twitter_misc":{"Dur\u00e9e de lecture estim\u00e9e":"8 minutes"},"schema":{"@context":"https:\/\/schema.org","@graph":[{"@type":"WebPage","@id":"https:\/\/www.fprh.fr\/index.php\/mentions-legales\/","url":"https:\/\/www.fprh.fr\/index.php\/mentions-legales\/","name":"Mentions l\u00e9gales - FPRH - la federation des centres experts h\u00e9patites","isPartOf":{"@id":"https:\/\/www.fprh.fr\/#website"},"datePublished":"2025-06-03T10:06:27+00:00","dateModified":"2025-06-03T10:09:24+00:00","breadcrumb":{"@id":"https:\/\/www.fprh.fr\/index.php\/mentions-legales\/#breadcrumb"},"inLanguage":"fr-FR","potentialAction":[{"@type":"ReadAction","target":["https:\/\/www.fprh.fr\/index.php\/mentions-legales\/"]}]},{"@type":"BreadcrumbList","@id":"https:\/\/www.fprh.fr\/index.php\/mentions-legales\/#breadcrumb","itemListElement":[{"@type":"ListItem","position":1,"name":"Accueil","item":"https:\/\/www.fprh.fr\/"},{"@type":"ListItem","position":2,"name":"Mentions l\u00e9gales"}]},{"@type":"WebSite","@id":"https:\/\/www.fprh.fr\/#website","url":"https:\/\/www.fprh.fr\/","name":"FPRH - la federation des centre experts h\u00e9patites","description":"Ensemble contre les Maladies du Foie !","publisher":{"@id":"https:\/\/www.fprh.fr\/#organization"},"alternateName":"FPRH","potentialAction":[{"@type":"SearchAction","target":{"@type":"EntryPoint","urlTemplate":"https:\/\/www.fprh.fr\/?s={search_term_string}"},"query-input":{"@type":"PropertyValueSpecification","valueRequired":true,"valueName":"search_term_string"}}],"inLanguage":"fr-FR"},{"@type":"Organization","@id":"https:\/\/www.fprh.fr\/#organization","name":"F\u00e9d\u00e9ration nationale des P\u00f4les de r\u00e9f\u00e9rence et R\u00e9seaux H\u00e9patites (FPRH)","url":"https:\/\/www.fprh.fr\/","logo":{"@type":"ImageObject","inLanguage":"fr-FR","@id":"https:\/\/www.fprh.fr\/#\/schema\/logo\/image\/","url":"https:\/\/www.fprh.fr\/wp-content\/uploads\/2025\/05\/logo_FPRH_2025.jpg","contentUrl":"https:\/\/www.fprh.fr\/wp-content\/uploads\/2025\/05\/logo_FPRH_2025.jpg","width":341,"height":172,"caption":"F\u00e9d\u00e9ration nationale des P\u00f4les de r\u00e9f\u00e9rence et R\u00e9seaux H\u00e9patites (FPRH)"},"image":{"@id":"https:\/\/www.fprh.fr\/#\/schema\/logo\/image\/"},"sameAs":["https:\/\/www.linkedin.com\/company\/fprh-f\u00e9d\u00e9ration-nationale-des-p\u00f4les-de-r\u00e9f\u00e9rence-et-r\u00e9seaux-h\u00e9patites\/"]}]}},"_links":{"self":[{"href":"https:\/\/www.fprh.fr\/index.php\/wp-json\/wp\/v2\/pages\/130","targetHints":{"allow":["GET"]}}],"collection":[{"href":"https:\/\/www.fprh.fr\/index.php\/wp-json\/wp\/v2\/pages"}],"about":[{"href":"https:\/\/www.fprh.fr\/index.php\/wp-json\/wp\/v2\/types\/page"}],"author":[{"embeddable":true,"href":"https:\/\/www.fprh.fr\/index.php\/wp-json\/wp\/v2\/users\/1"}],"replies":[{"embeddable":true,"href":"https:\/\/www.fprh.fr\/index.php\/wp-json\/wp\/v2\/comments?post=130"}],"version-history":[{"count":3,"href":"https:\/\/www.fprh.fr\/index.php\/wp-json\/wp\/v2\/pages\/130\/revisions"}],"predecessor-version":[{"id":134,"href":"https:\/\/www.fprh.fr\/index.php\/wp-json\/wp\/v2\/pages\/130\/revisions\/134"}],"wp:attachment":[{"href":"https:\/\/www.fprh.fr\/index.php\/wp-json\/wp\/v2\/media?parent=130"}],"curies":[{"name":"wp","href":"https:\/\/api.w.org\/{rel}","templated":true}]}}