{"id":18,"date":"2025-05-21T17:23:15","date_gmt":"2025-05-21T15:23:15","guid":{"rendered":"http:\/\/byfvotf.cluster100.hosting.ovh.net\/?page_id=18"},"modified":"2026-04-01T16:54:40","modified_gmt":"2026-04-01T14:54:40","slug":"a-propos-de","status":"publish","type":"page","link":"https:\/\/www.fprh.fr\/index.php\/a-propos-de\/","title":{"rendered":"Notre organisation"},"content":{"rendered":"\n<h3 class=\"wp-block-heading\">Pr\u00e9sentation <\/h3>\n\n\n\n<p class=\"has-background\" style=\"background:linear-gradient(135deg,rgb(238,238,238) 100%,rgb(169,184,195) 100%)\">La FPRH est une association loi 1901 cr\u00e9e le 23 juin 1999, dont l\u2019objectif est de coordonner les actions des p\u00f4les de r\u00e9f\u00e9rence et des r\u00e9seaux de lutte contre les h\u00e9patites virales et autres maladies du foie. Nous travaillons en collaboration avec des partenaires institutionnels, m\u00e9dicaux et associatifs pour am\u00e9liorer la prise en soin des patients.<\/p>\n\n\n\n<h2 class=\"wp-block-heading\"><strong>Bureau 2025\/2026<\/strong><\/h2>\n\n\n\n<figure class=\"wp-block-table has-small-font-size\"><table class=\"has-background has-fixed-layout\" style=\"background:linear-gradient(135deg,rgb(238,238,238) 100%,rgb(169,184,195) 100%)\"><tbody><tr><td class=\"has-text-align-center\" data-align=\"center\"><img loading=\"lazy\" decoding=\"async\" width=\"200\" height=\"186\" class=\"wp-image-365\" style=\"width: 200px;\" src=\"https:\/\/www.fprh.fr\/wp-content\/uploads\/2026\/04\/A-VALLET-PICHARD.jpg\" alt=\"\"><\/td><td class=\"has-text-align-center\" data-align=\"center\"><img loading=\"lazy\" decoding=\"async\" width=\"200\" height=\"200\" class=\"wp-image-245\" style=\"width: 200px;\" src=\"https:\/\/www.fprh.fr\/wp-content\/uploads\/2025\/10\/F.CHAFFRAIX.jpg\" alt=\"F.CHAFFRAIX\" srcset=\"https:\/\/www.fprh.fr\/wp-content\/uploads\/2025\/10\/F.CHAFFRAIX.jpg 450w, https:\/\/www.fprh.fr\/wp-content\/uploads\/2025\/10\/F.CHAFFRAIX-300x300.jpg 300w, https:\/\/www.fprh.fr\/wp-content\/uploads\/2025\/10\/F.CHAFFRAIX-150x150.jpg 150w\" sizes=\"auto, (max-width: 200px) 100vw, 200px\" \/><\/td><td class=\"has-text-align-center\" data-align=\"center\"><img loading=\"lazy\" decoding=\"async\" width=\"200\" height=\"200\" class=\"wp-image-246\" style=\"width: 200px;\" src=\"https:\/\/www.fprh.fr\/wp-content\/uploads\/2025\/10\/A-J.REMY_.jpg\" alt=\"\" srcset=\"https:\/\/www.fprh.fr\/wp-content\/uploads\/2025\/10\/A-J.REMY_.jpg 800w, https:\/\/www.fprh.fr\/wp-content\/uploads\/2025\/10\/A-J.REMY_-300x300.jpg 300w, https:\/\/www.fprh.fr\/wp-content\/uploads\/2025\/10\/A-J.REMY_-150x150.jpg 150w, https:\/\/www.fprh.fr\/wp-content\/uploads\/2025\/10\/A-J.REMY_-768x768.jpg 768w\" sizes=\"auto, (max-width: 200px) 100vw, 200px\" \/><\/td><td class=\"has-text-align-center\" data-align=\"center\"><img loading=\"lazy\" decoding=\"async\" width=\"200\" height=\"200\" class=\"wp-image-247\" style=\"width: 200px;\" src=\"https:\/\/www.fprh.fr\/wp-content\/uploads\/2025\/10\/G.RIACHI.jpg\" alt=\"\" srcset=\"https:\/\/www.fprh.fr\/wp-content\/uploads\/2025\/10\/G.RIACHI.jpg 450w, https:\/\/www.fprh.fr\/wp-content\/uploads\/2025\/10\/G.RIACHI-300x300.jpg 300w, https:\/\/www.fprh.fr\/wp-content\/uploads\/2025\/10\/G.RIACHI-150x150.jpg 150w\" sizes=\"auto, (max-width: 200px) 100vw, 200px\" \/><\/td><td class=\"has-text-align-center\" data-align=\"center\"><\/td><\/tr><tr><td class=\"has-text-align-center\" data-align=\"center\"><strong>Dr Ana\u00efs <\/strong><br><strong>VALLET-PICHARD<\/strong><\/td><td class=\"has-text-align-center\" data-align=\"center\"><strong>M. Fr\u00e9d\u00e9ric <\/strong><br><strong>CHAFFRAIX<\/strong><\/td><td class=\"has-text-align-center\" data-align=\"center\"><strong>Dr Andr\u00e9-Jean <\/strong><br><strong>REMY<\/strong><\/td><td class=\"has-text-align-center\" data-align=\"center\"><strong>Dr Ghassan<\/strong><br><strong> RIACHI<\/strong><\/td><td class=\"has-text-align-center\" data-align=\"center\"><strong>Dr Sophie<\/strong><br><strong> METIVIER<\/strong><\/td><\/tr><tr><td class=\"has-text-align-center\" data-align=\"center\">Pr\u00e9sidente<\/td><td class=\"has-text-align-center\" data-align=\"center\">Vice-Pr\u00e9sident <br>Charg\u00e9 de la communication<\/td><td class=\"has-text-align-center\" data-align=\"center\">Vice-Pr\u00e9sident <\/td><td class=\"has-text-align-center\" data-align=\"center\">Secr\u00e9taire du bureau<\/td><td class=\"has-text-align-center\" data-align=\"center\">Tr\u00e9sori\u00e8re<\/td><\/tr><tr><td class=\"has-text-align-center\" data-align=\"center\">APHP, SELHV  de Cochin<\/td><td class=\"has-text-align-center\" data-align=\"center\">SELHV  de Strasbourg<br>(SELHVA)<\/td><td class=\"has-text-align-center\" data-align=\"center\">SELHV  de Perpignan<\/td><td class=\"has-text-align-center\" data-align=\"center\">SELHV  de Rouen<\/td><td class=\"has-text-align-center\" data-align=\"center\">SELHV  de Toulouse<\/td><\/tr><\/tbody><\/table><\/figure>\n\n\n\n<h2 class=\"wp-block-heading\">Conseil d\u2019administration <\/h2>\n\n\n\n<figure class=\"wp-block-table\"><table class=\"has-background\" style=\"background:linear-gradient(135deg,rgb(238,238,238) 100%,rgb(169,184,195) 100%)\"><tbody><tr><td colspan=\"2\"><strong>SELHV AP-HP<\/strong><\/td><\/tr><tr><td>Dr H\u00e9l\u00e8ne FONTAINE<\/td><td>Beaujon<\/td><\/tr><tr><td>Dr Nathalie GANNE-CARRIE<\/td><td>Jean Verdier<\/td><\/tr><tr><td>Dr Anais VALLET-PICHARD<\/td><td>Cochin<\/td><\/tr><tr><td>Dr Tarik ASSELAH<\/td><td>Beaujon<\/td><\/tr><tr><td>&nbsp; <\/td><td>&nbsp;<\/td><\/tr><tr><td><\/td><td><\/td><\/tr><tr><td colspan=\"2\"><strong>SELHV Province<\/strong><\/td><\/tr><tr><td>Dr Neila HADJ ALI<\/td><td>CHU Amiens<\/td><\/tr><tr><td>Anne-Laure De ARAUJO<\/td><td>CHU Bordeaux<\/td><\/tr><tr><td>Dr Marion OLIVARI<\/td><td>CHU Grenoble<\/td><\/tr><tr><td>Dr Paul CARRIER<\/td><td>CHU Limoges<\/td><\/tr><tr><td>Pr V\u00e9ronique LOUSTAUD RATTI<\/td><td>CHU Limoges<\/td><\/tr><tr><td>Dr Fran\u00e7ois VILLERET<\/td><td>CHU Lyon<\/td><\/tr><tr><td>Dr Magdalena MEZAROS<\/td><td>CHU Montpellier<\/td><\/tr><tr><td>Dr Andre Jean REMY<\/td><td>CH Perpignan<\/td><\/tr><tr><td>Dr Val\u00e9rie ROUMY<\/td><td>CHU Poitiers<\/td><\/tr><tr><td>Aur\u00e9lie FEVRIER<\/td><td>CHU Rennes<\/td><\/tr><tr><td>Dr Ghassan RIACHI<\/td><td>CHU Rouen<\/td><\/tr><tr><td>Frederic CHAFFRAIX<\/td><td>CHU Strasbourg<\/td><\/tr><tr><td>Dr Sophie METIVIER<\/td><td>CHU Toulouse<\/td><\/tr><tr><td colspan=\"2\"><strong>Repr\u00e9sentant de l&rsquo;AFEF &nbsp;<\/strong><\/td><\/tr><tr><td colspan=\"2\">Dr Lucy MEUNIER<\/td><\/tr><tr><td colspan=\"2\"><strong>Repr\u00e9sentant du Centre national de r\u00e9f\u00e9rence H\u00e9patites&nbsp;<\/strong><\/td><\/tr><tr><td colspan=\"2\">Dr Vincent THIBAULT<\/td><\/tr><tr><td colspan=\"2\"><strong>Repr\u00e9sentants des H\u00f4pitaux G\u00e9n\u00e9raux<\/strong> (ANGH)<\/td><\/tr><tr><td colspan=\"2\">Dr Camille BARRAULT<\/td><\/tr><tr><td colspan=\"2\">Dr Isabelle ROSA<\/td><\/tr><tr><td colspan=\"2\"><strong>&nbsp;Repr\u00e9sentants des H\u00e9pato-Gastroent\u00e9rologues Lib\u00e9raux<\/strong> (CREGG)<\/td><\/tr><tr><td colspan=\"2\">Dr Samy BOUSSOUKAYA<\/td><\/tr><tr><td colspan=\"2\">&nbsp;<\/td><\/tr><tr><td colspan=\"2\"><strong>&nbsp;Repr\u00e9sentants des M\u00e9decins G\u00e9n\u00e9ralistes<\/strong><\/td><\/tr><tr><td colspan=\"2\">Dr Jessica KRAUSE<\/td><\/tr><tr><td colspan=\"2\">&nbsp;<\/td><\/tr><tr><td colspan=\"2\"><strong>Repr\u00e9sentants des associations de Malades<\/strong><\/td><\/tr><tr><td>Carmen Hadey<\/td><td>SOS h\u00e9patites F\u00e9d\u00e9ration<\/td><\/tr><\/tbody><\/table><\/figure>\n\n\n\n<h2 class=\"wp-block-heading\"><strong>Salari\u00e9s<\/strong> <\/h2>\n\n\n\n<figure class=\"wp-block-table\"><table class=\"has-background\" style=\"background:linear-gradient(135deg,rgb(238,238,238) 100%,rgb(169,184,195) 100%)\"><tbody><tr><td>V\u00e9ronique TROCHAUD<\/td><td>Secr\u00e9taire (depuis 2002)<\/td><\/tr><\/tbody><\/table><\/figure>\n\n\n\n<h3 class=\"wp-block-heading\"><strong>Liste des pr\u00e9sidents depuis 2000<\/strong><\/h3>\n\n\n\n<figure class=\"wp-block-table\"><table class=\"has-background\" style=\"background:linear-gradient(135deg,rgb(238,238,238) 100%,rgb(169,184,195) 100%)\"><tbody><tr><td class=\"has-text-align-center\" data-align=\"center\"><strong>2024 \u2013 (en cours)<\/strong><\/td><td class=\"has-text-align-left\" data-align=\"left\"><strong>Dr Ana\u00efs VALLET PICHARD (Cochin)<\/strong><\/td><\/tr><tr><td class=\"has-text-align-center\" data-align=\"center\">2019- 2024<\/td><td class=\"has-text-align-left\" data-align=\"left\">Pr V\u00e9ronique LOUSTAUD-RATTI (Limoges)<\/td><\/tr><tr><td class=\"has-text-align-center\" data-align=\"center\">2014 \u2013 2019<\/td><td class=\"has-text-align-left\" data-align=\"left\">Pr Armand ABERGEL (Clermont-Ferrand)<\/td><\/tr><tr><td class=\"has-text-align-center\" data-align=\"center\">2012 \u2013 2014<\/td><td class=\"has-text-align-left\" data-align=\"left\">Pr Christine SILVAIN (Poitiers)<\/td><\/tr><tr><td class=\"has-text-align-center\" data-align=\"center\">2010 \u2013 2012<\/td><td class=\"has-text-align-left\" data-align=\"left\">Pr Dominique LARREY (Montpellier)<\/td><\/tr><tr><td class=\"has-text-align-center\" data-align=\"center\">2008 \u2013 2010<\/td><td class=\"has-text-align-left\" data-align=\"left\">Pr Patrice COUZIGOU (Bordeaux)<\/td><\/tr><tr><td class=\"has-text-align-center\" data-align=\"center\">2006 \u2013 2008<\/td><td class=\"has-text-align-left\" data-align=\"left\">Pr Jean-Pierre ZARSKI (Grenoble)<\/td><\/tr><tr><td class=\"has-text-align-center\" data-align=\"center\">2004 \u2013 2006<\/td><td class=\"has-text-align-left\" data-align=\"left\">Pr Patrick MARCELLIN (Beaujon)<\/td><\/tr><tr><td class=\"has-text-align-center\" data-align=\"center\">2002 \u2013 2004<\/td><td class=\"has-text-align-left\" data-align=\"left\">Pr Jean-Philippe MIGUET (Besan\u00e7on)<\/td><\/tr><tr><td class=\"has-text-align-center\" data-align=\"center\">2000 \u2013 2002<\/td><td class=\"has-text-align-left\" data-align=\"left\">Pr Patrice COUZIGOU (Bordeaux)<\/td><\/tr><\/tbody><\/table><\/figure>\n\n\n\n<div class=\"wp-block-group has-background\" style=\"background-color:#ececec\"><div class=\"wp-block-group__inner-container is-layout-constrained wp-block-group-is-layout-constrained\">\n<h2 class=\"wp-block-heading has-text-align-center\"><a href=\"https:\/\/www.fprh.fr\/index.php\/2025\/05\/22\/nos-projets-realises-depuis-octobre-2024\/\">Nos projets r\u00e9alis\u00e9s depuis octobre 2024<\/a><\/h2>\n<\/div><\/div>\n","protected":false},"excerpt":{"rendered":"<p>Pr\u00e9sentation La FPRH est une association loi 1901 cr\u00e9e le 23 juin 1999, dont l\u2019objectif est de coordonner les actions des p\u00f4les de r\u00e9f\u00e9rence et des r\u00e9seaux de lutte contre les h\u00e9patites virales et autres maladies du foie. Nous travaillons en collaboration avec des partenaires institutionnels, m\u00e9dicaux et associatifs pour am\u00e9liorer la prise en soin [&hellip;]<\/p>\n","protected":false},"author":1,"featured_media":0,"parent":0,"menu_order":0,"comment_status":"closed","ping_status":"closed","template":"templates\/template-full-width.php","meta":{"footnotes":""},"class_list":["post-18","page","type-page","status-publish","hentry"],"yoast_head":"<!-- This site is optimized with the Yoast SEO plugin v25.7 - https:\/\/yoast.com\/wordpress\/plugins\/seo\/ -->\n<title>Notre organisation - FPRH - la federation des centres experts h\u00e9patites<\/title>\n<meta name=\"robots\" content=\"index, follow, max-snippet:-1, max-image-preview:large, max-video-preview:-1\" \/>\n<link rel=\"canonical\" href=\"https:\/\/www.fprh.fr\/index.php\/a-propos-de\/\" \/>\n<meta property=\"og:locale\" content=\"fr_FR\" \/>\n<meta property=\"og:type\" content=\"article\" \/>\n<meta property=\"og:title\" content=\"Notre organisation - FPRH - la federation des centres experts h\u00e9patites\" \/>\n<meta property=\"og:description\" content=\"Pr\u00e9sentation La FPRH est une association loi 1901 cr\u00e9e le 23 juin 1999, dont l\u2019objectif est de coordonner les actions des p\u00f4les de r\u00e9f\u00e9rence et des r\u00e9seaux de lutte contre les h\u00e9patites virales et autres maladies du foie. Nous travaillons en collaboration avec des partenaires institutionnels, m\u00e9dicaux et associatifs pour am\u00e9liorer la prise en soin [&hellip;]\" \/>\n<meta property=\"og:url\" content=\"https:\/\/www.fprh.fr\/index.php\/a-propos-de\/\" \/>\n<meta property=\"og:site_name\" content=\"FPRH - la federation des centres experts h\u00e9patites\" \/>\n<meta property=\"article:modified_time\" content=\"2026-04-01T14:54:40+00:00\" \/>\n<meta property=\"og:image\" content=\"https:\/\/www.fprh.fr\/wp-content\/uploads\/2026\/04\/A-VALLET-PICHARD.jpg\" \/>\n\t<meta property=\"og:image:width\" content=\"205\" \/>\n\t<meta property=\"og:image:height\" content=\"191\" \/>\n\t<meta property=\"og:image:type\" content=\"image\/jpeg\" \/>\n<meta name=\"twitter:card\" content=\"summary_large_image\" \/>\n<meta name=\"twitter:label1\" content=\"Dur\u00e9e de lecture estim\u00e9e\" \/>\n\t<meta name=\"twitter:data1\" content=\"3 minutes\" \/>\n<script type=\"application\/ld+json\" class=\"yoast-schema-graph\">{\"@context\":\"https:\/\/schema.org\",\"@graph\":[{\"@type\":\"WebPage\",\"@id\":\"https:\/\/www.fprh.fr\/index.php\/a-propos-de\/\",\"url\":\"https:\/\/www.fprh.fr\/index.php\/a-propos-de\/\",\"name\":\"Notre organisation - FPRH - la federation des centres experts h\u00e9patites\",\"isPartOf\":{\"@id\":\"https:\/\/www.fprh.fr\/#website\"},\"primaryImageOfPage\":{\"@id\":\"https:\/\/www.fprh.fr\/index.php\/a-propos-de\/#primaryimage\"},\"image\":{\"@id\":\"https:\/\/www.fprh.fr\/index.php\/a-propos-de\/#primaryimage\"},\"thumbnailUrl\":\"https:\/\/www.fprh.fr\/wp-content\/uploads\/2026\/04\/A-VALLET-PICHARD.jpg\",\"datePublished\":\"2025-05-21T15:23:15+00:00\",\"dateModified\":\"2026-04-01T14:54:40+00:00\",\"breadcrumb\":{\"@id\":\"https:\/\/www.fprh.fr\/index.php\/a-propos-de\/#breadcrumb\"},\"inLanguage\":\"fr-FR\",\"potentialAction\":[{\"@type\":\"ReadAction\",\"target\":[\"https:\/\/www.fprh.fr\/index.php\/a-propos-de\/\"]}]},{\"@type\":\"ImageObject\",\"inLanguage\":\"fr-FR\",\"@id\":\"https:\/\/www.fprh.fr\/index.php\/a-propos-de\/#primaryimage\",\"url\":\"https:\/\/www.fprh.fr\/wp-content\/uploads\/2026\/04\/A-VALLET-PICHARD.jpg\",\"contentUrl\":\"https:\/\/www.fprh.fr\/wp-content\/uploads\/2026\/04\/A-VALLET-PICHARD.jpg\",\"width\":205,\"height\":191},{\"@type\":\"BreadcrumbList\",\"@id\":\"https:\/\/www.fprh.fr\/index.php\/a-propos-de\/#breadcrumb\",\"itemListElement\":[{\"@type\":\"ListItem\",\"position\":1,\"name\":\"Accueil\",\"item\":\"https:\/\/www.fprh.fr\/\"},{\"@type\":\"ListItem\",\"position\":2,\"name\":\"Notre organisation\"}]},{\"@type\":\"WebSite\",\"@id\":\"https:\/\/www.fprh.fr\/#website\",\"url\":\"https:\/\/www.fprh.fr\/\",\"name\":\"FPRH - la federation des centre experts h\u00e9patites\",\"description\":\"Ensemble contre les Maladies du Foie !\",\"publisher\":{\"@id\":\"https:\/\/www.fprh.fr\/#organization\"},\"alternateName\":\"FPRH\",\"potentialAction\":[{\"@type\":\"SearchAction\",\"target\":{\"@type\":\"EntryPoint\",\"urlTemplate\":\"https:\/\/www.fprh.fr\/?s={search_term_string}\"},\"query-input\":{\"@type\":\"PropertyValueSpecification\",\"valueRequired\":true,\"valueName\":\"search_term_string\"}}],\"inLanguage\":\"fr-FR\"},{\"@type\":\"Organization\",\"@id\":\"https:\/\/www.fprh.fr\/#organization\",\"name\":\"F\u00e9d\u00e9ration nationale des P\u00f4les de r\u00e9f\u00e9rence et R\u00e9seaux H\u00e9patites (FPRH)\",\"url\":\"https:\/\/www.fprh.fr\/\",\"logo\":{\"@type\":\"ImageObject\",\"inLanguage\":\"fr-FR\",\"@id\":\"https:\/\/www.fprh.fr\/#\/schema\/logo\/image\/\",\"url\":\"https:\/\/www.fprh.fr\/wp-content\/uploads\/2025\/05\/logo_FPRH_2025.jpg\",\"contentUrl\":\"https:\/\/www.fprh.fr\/wp-content\/uploads\/2025\/05\/logo_FPRH_2025.jpg\",\"width\":341,\"height\":172,\"caption\":\"F\u00e9d\u00e9ration nationale des P\u00f4les de r\u00e9f\u00e9rence et R\u00e9seaux H\u00e9patites (FPRH)\"},\"image\":{\"@id\":\"https:\/\/www.fprh.fr\/#\/schema\/logo\/image\/\"},\"sameAs\":[\"https:\/\/www.linkedin.com\/company\/fprh-f\u00e9d\u00e9ration-nationale-des-p\u00f4les-de-r\u00e9f\u00e9rence-et-r\u00e9seaux-h\u00e9patites\/\"]}]}<\/script>\n<!-- \/ Yoast SEO plugin. -->","yoast_head_json":{"title":"Notre organisation - FPRH - la federation des centres experts h\u00e9patites","robots":{"index":"index","follow":"follow","max-snippet":"max-snippet:-1","max-image-preview":"max-image-preview:large","max-video-preview":"max-video-preview:-1"},"canonical":"https:\/\/www.fprh.fr\/index.php\/a-propos-de\/","og_locale":"fr_FR","og_type":"article","og_title":"Notre organisation - FPRH - la federation des centres experts h\u00e9patites","og_description":"Pr\u00e9sentation La FPRH est une association loi 1901 cr\u00e9e le 23 juin 1999, dont l\u2019objectif est de coordonner les actions des p\u00f4les de r\u00e9f\u00e9rence et des r\u00e9seaux de lutte contre les h\u00e9patites virales et autres maladies du foie. Nous travaillons en collaboration avec des partenaires institutionnels, m\u00e9dicaux et associatifs pour am\u00e9liorer la prise en soin [&hellip;]","og_url":"https:\/\/www.fprh.fr\/index.php\/a-propos-de\/","og_site_name":"FPRH - la federation des centres experts h\u00e9patites","article_modified_time":"2026-04-01T14:54:40+00:00","og_image":[{"width":205,"height":191,"url":"https:\/\/www.fprh.fr\/wp-content\/uploads\/2026\/04\/A-VALLET-PICHARD.jpg","type":"image\/jpeg"}],"twitter_card":"summary_large_image","twitter_misc":{"Dur\u00e9e de lecture estim\u00e9e":"3 minutes"},"schema":{"@context":"https:\/\/schema.org","@graph":[{"@type":"WebPage","@id":"https:\/\/www.fprh.fr\/index.php\/a-propos-de\/","url":"https:\/\/www.fprh.fr\/index.php\/a-propos-de\/","name":"Notre organisation - FPRH - la federation des centres experts h\u00e9patites","isPartOf":{"@id":"https:\/\/www.fprh.fr\/#website"},"primaryImageOfPage":{"@id":"https:\/\/www.fprh.fr\/index.php\/a-propos-de\/#primaryimage"},"image":{"@id":"https:\/\/www.fprh.fr\/index.php\/a-propos-de\/#primaryimage"},"thumbnailUrl":"https:\/\/www.fprh.fr\/wp-content\/uploads\/2026\/04\/A-VALLET-PICHARD.jpg","datePublished":"2025-05-21T15:23:15+00:00","dateModified":"2026-04-01T14:54:40+00:00","breadcrumb":{"@id":"https:\/\/www.fprh.fr\/index.php\/a-propos-de\/#breadcrumb"},"inLanguage":"fr-FR","potentialAction":[{"@type":"ReadAction","target":["https:\/\/www.fprh.fr\/index.php\/a-propos-de\/"]}]},{"@type":"ImageObject","inLanguage":"fr-FR","@id":"https:\/\/www.fprh.fr\/index.php\/a-propos-de\/#primaryimage","url":"https:\/\/www.fprh.fr\/wp-content\/uploads\/2026\/04\/A-VALLET-PICHARD.jpg","contentUrl":"https:\/\/www.fprh.fr\/wp-content\/uploads\/2026\/04\/A-VALLET-PICHARD.jpg","width":205,"height":191},{"@type":"BreadcrumbList","@id":"https:\/\/www.fprh.fr\/index.php\/a-propos-de\/#breadcrumb","itemListElement":[{"@type":"ListItem","position":1,"name":"Accueil","item":"https:\/\/www.fprh.fr\/"},{"@type":"ListItem","position":2,"name":"Notre organisation"}]},{"@type":"WebSite","@id":"https:\/\/www.fprh.fr\/#website","url":"https:\/\/www.fprh.fr\/","name":"FPRH - la federation des centre experts h\u00e9patites","description":"Ensemble contre les Maladies du Foie !","publisher":{"@id":"https:\/\/www.fprh.fr\/#organization"},"alternateName":"FPRH","potentialAction":[{"@type":"SearchAction","target":{"@type":"EntryPoint","urlTemplate":"https:\/\/www.fprh.fr\/?s={search_term_string}"},"query-input":{"@type":"PropertyValueSpecification","valueRequired":true,"valueName":"search_term_string"}}],"inLanguage":"fr-FR"},{"@type":"Organization","@id":"https:\/\/www.fprh.fr\/#organization","name":"F\u00e9d\u00e9ration nationale des P\u00f4les de r\u00e9f\u00e9rence et R\u00e9seaux H\u00e9patites (FPRH)","url":"https:\/\/www.fprh.fr\/","logo":{"@type":"ImageObject","inLanguage":"fr-FR","@id":"https:\/\/www.fprh.fr\/#\/schema\/logo\/image\/","url":"https:\/\/www.fprh.fr\/wp-content\/uploads\/2025\/05\/logo_FPRH_2025.jpg","contentUrl":"https:\/\/www.fprh.fr\/wp-content\/uploads\/2025\/05\/logo_FPRH_2025.jpg","width":341,"height":172,"caption":"F\u00e9d\u00e9ration nationale des P\u00f4les de r\u00e9f\u00e9rence et R\u00e9seaux H\u00e9patites (FPRH)"},"image":{"@id":"https:\/\/www.fprh.fr\/#\/schema\/logo\/image\/"},"sameAs":["https:\/\/www.linkedin.com\/company\/fprh-f\u00e9d\u00e9ration-nationale-des-p\u00f4les-de-r\u00e9f\u00e9rence-et-r\u00e9seaux-h\u00e9patites\/"]}]}},"_links":{"self":[{"href":"https:\/\/www.fprh.fr\/index.php\/wp-json\/wp\/v2\/pages\/18","targetHints":{"allow":["GET"]}}],"collection":[{"href":"https:\/\/www.fprh.fr\/index.php\/wp-json\/wp\/v2\/pages"}],"about":[{"href":"https:\/\/www.fprh.fr\/index.php\/wp-json\/wp\/v2\/types\/page"}],"author":[{"embeddable":true,"href":"https:\/\/www.fprh.fr\/index.php\/wp-json\/wp\/v2\/users\/1"}],"replies":[{"embeddable":true,"href":"https:\/\/www.fprh.fr\/index.php\/wp-json\/wp\/v2\/comments?post=18"}],"version-history":[{"count":69,"href":"https:\/\/www.fprh.fr\/index.php\/wp-json\/wp\/v2\/pages\/18\/revisions"}],"predecessor-version":[{"id":369,"href":"https:\/\/www.fprh.fr\/index.php\/wp-json\/wp\/v2\/pages\/18\/revisions\/369"}],"wp:attachment":[{"href":"https:\/\/www.fprh.fr\/index.php\/wp-json\/wp\/v2\/media?parent=18"}],"curies":[{"name":"wp","href":"https:\/\/api.w.org\/{rel}","templated":true}]}}