{"id":19,"date":"2025-05-21T17:23:15","date_gmt":"2025-05-21T15:23:15","guid":{"rendered":"http:\/\/byfvotf.cluster100.hosting.ovh.net\/?page_id=19"},"modified":"2026-02-24T15:38:40","modified_gmt":"2026-02-24T14:38:40","slug":"contact","status":"publish","type":"page","link":"https:\/\/www.fprh.fr\/index.php\/contact\/","title":{"rendered":"Partenaires"},"content":{"rendered":"\n<p><strong>(liste non exhaustive)<\/strong><\/p>\n\n\n\n<h3 class=\"wp-block-heading has-very-light-gray-to-cyan-bluish-gray-gradient-background has-background\"><strong>Institutionnels<\/strong><\/h3>\n\n\n\n<ul class=\"wp-block-list\">\n<li><a href=\"https:\/\/anrs.fr\/fr\/\" target=\"_blank\" rel=\"noreferrer noopener\">ANRS MIE &#8211; ANRS Maladies infectieuses \u00e9mergentes<\/a><\/li>\n\n\n\n<li><a href=\"https:\/\/ansm.sante.fr\/\" target=\"_blank\" rel=\"noreferrer noopener\">ANSM -Agence nationale de s\u00e9curit\u00e9 du m\u00e9dicament<\/a><\/li>\n\n\n\n<li><a href=\"https:\/\/cns.sante.fr\/\" target=\"_blank\" rel=\"noreferrer noopener\">Conseil national du sida et des h\u00e9patites virales<\/a><\/li>\n\n\n\n<li><a href=\"https:\/\/www.has-sante.fr\/\" target=\"_blank\" rel=\"noreferrer noopener\">HAS &#8211; Haute Autorit\u00e9 de Sant\u00e9<\/a><\/li>\n\n\n\n<li><a href=\"https:\/\/sante.gouv.fr\/\" target=\"_blank\" rel=\"noreferrer noopener\">Minist\u00e8re de la Sant\u00e9<\/a> (DGS, DGOS&#8230;)<\/li>\n\n\n\n<li>&#8230;<\/li>\n<\/ul>\n\n\n\n<h3 class=\"wp-block-heading has-very-light-gray-to-cyan-bluish-gray-gradient-background has-background\"><strong>Industries priv\u00e9es <\/strong><\/h3>\n\n\n\n<ul class=\"wp-block-list\">\n<li><a href=\"https:\/\/www.abbvie.fr\/\" target=\"_blank\" rel=\"noreferrer noopener\">Abbvie<\/a><\/li>\n\n\n\n<li><a href=\"https:\/\/www.cepheid.com\/fr-FR.html\" target=\"_blank\" rel=\"noreferrer noopener\">Cepheid<\/a><\/li>\n\n\n\n<li><a href=\"https:\/\/www.echosens.com\/fr\/\" target=\"_blank\" rel=\"noreferrer noopener\">Echosens<\/a><\/li>\n\n\n\n<li><a href=\"https:\/\/www.gilead.fr\/\" target=\"_blank\" rel=\"noreferrer noopener\">Gilead<\/a><\/li>\n\n\n\n<li><a href=\"https:\/\/fr.gsk.com\/fr-fr\/\">GSK<\/a><\/li>\n\n\n\n<li><a href=\"https:\/\/www.lilly.com\/fr\/\" target=\"_blank\" rel=\"noreferrer noopener\">Lilly<\/a><\/li>\n\n\n\n<li><a href=\"https:\/\/www.novonordisk.fr\/\" target=\"_blank\" rel=\"noreferrer noopener\">Novonordisk<\/a><\/li>\n\n\n\n<li><a href=\"https:\/\/www.madrigalpharma.com\/\" target=\"_blank\" rel=\"noreferrer noopener\">Madrigal<\/a><\/li>\n\n\n\n<li><a href=\"https:\/\/www.roche.fr\/\" target=\"_blank\" rel=\"noreferrer noopener\">Roche<\/a><\/li>\n\n\n\n<li>&#8230;<\/li>\n<\/ul>\n\n\n\n<h3 class=\"wp-block-heading has-very-light-gray-to-cyan-bluish-gray-gradient-background has-background\"><strong>Associations<\/strong><\/h3>\n\n\n\n<ul class=\"wp-block-list\">\n<li><a href=\"https:\/\/afef.asso.fr\/\" target=\"_blank\" rel=\"noreferrer noopener\">AFEF -Soci\u00e9t\u00e9 Fran\u00e7aise d&rsquo;H\u00e9patologie<\/a><\/li>\n\n\n\n<li><a href=\"https:\/\/angh.net\/\" target=\"_blank\" rel=\"noreferrer noopener\">ANGH &#8211; Association Nationale des H\u00e9pato-Gastroent\u00e9rologues des H\u00f4pitaux G\u00e9n\u00e9raux<\/a><\/li>\n\n\n\n<li><a href=\"https:\/\/sfalcoologie.fr\/\" target=\"_blank\" rel=\"noreferrer noopener\">SFA &#8211; Soci\u00e9t\u00e9 Fran\u00e7aise d&rsquo;Alcoologie<\/a><\/li>\n\n\n\n<li><a href=\"https:\/\/www.sfhgl.org\/\">SFHGL -Soci\u00e9t\u00e9 Fran\u00e7aise d\u2019H\u00e9pato-Gastroent\u00e9rologie Lib\u00e9rale<\/a><\/li>\n\n\n\n<li><a href=\"https:\/\/soshepatites.org\/\" target=\"_blank\" rel=\"noreferrer noopener\">SOS h\u00e9patites et maladies du foie<\/a><\/li>\n\n\n\n<li>&#8230;<\/li>\n<\/ul>\n\n\n\n<p><\/p>\n","protected":false},"excerpt":{"rendered":"<p>(liste non exhaustive) Institutionnels Industries priv\u00e9es Associations<\/p>\n","protected":false},"author":1,"featured_media":0,"parent":0,"menu_order":0,"comment_status":"closed","ping_status":"closed","template":"templates\/template-full-width.php","meta":{"footnotes":""},"class_list":["post-19","page","type-page","status-publish","hentry"],"yoast_head":"<!-- This site is optimized with the Yoast SEO plugin v25.7 - https:\/\/yoast.com\/wordpress\/plugins\/seo\/ -->\n<title>Partenaires - FPRH - la federation des centres experts h\u00e9patites<\/title>\n<meta name=\"robots\" content=\"index, follow, max-snippet:-1, max-image-preview:large, max-video-preview:-1\" \/>\n<link rel=\"canonical\" href=\"https:\/\/www.fprh.fr\/index.php\/contact\/\" \/>\n<meta property=\"og:locale\" content=\"fr_FR\" \/>\n<meta property=\"og:type\" content=\"article\" \/>\n<meta property=\"og:title\" content=\"Partenaires - FPRH - la federation des centres experts h\u00e9patites\" \/>\n<meta property=\"og:description\" content=\"(liste non exhaustive) Institutionnels Industries priv\u00e9es Associations\" \/>\n<meta property=\"og:url\" content=\"https:\/\/www.fprh.fr\/index.php\/contact\/\" \/>\n<meta property=\"og:site_name\" content=\"FPRH - la federation des centres experts h\u00e9patites\" \/>\n<meta property=\"article:modified_time\" content=\"2026-02-24T14:38:40+00:00\" \/>\n<meta property=\"og:image\" content=\"https:\/\/www.fprh.fr\/wp-content\/uploads\/2025\/05\/logo_FPRH_2025.jpg\" \/>\n\t<meta property=\"og:image:width\" content=\"341\" \/>\n\t<meta property=\"og:image:height\" content=\"172\" \/>\n\t<meta property=\"og:image:type\" content=\"image\/jpeg\" \/>\n<meta name=\"twitter:card\" content=\"summary_large_image\" \/>\n<meta name=\"twitter:label1\" content=\"Dur\u00e9e de lecture estim\u00e9e\" \/>\n\t<meta name=\"twitter:data1\" content=\"1 minute\" \/>\n<script type=\"application\/ld+json\" class=\"yoast-schema-graph\">{\"@context\":\"https:\/\/schema.org\",\"@graph\":[{\"@type\":\"WebPage\",\"@id\":\"https:\/\/www.fprh.fr\/index.php\/contact\/\",\"url\":\"https:\/\/www.fprh.fr\/index.php\/contact\/\",\"name\":\"Partenaires - FPRH - la federation des centres experts h\u00e9patites\",\"isPartOf\":{\"@id\":\"https:\/\/www.fprh.fr\/#website\"},\"datePublished\":\"2025-05-21T15:23:15+00:00\",\"dateModified\":\"2026-02-24T14:38:40+00:00\",\"breadcrumb\":{\"@id\":\"https:\/\/www.fprh.fr\/index.php\/contact\/#breadcrumb\"},\"inLanguage\":\"fr-FR\",\"potentialAction\":[{\"@type\":\"ReadAction\",\"target\":[\"https:\/\/www.fprh.fr\/index.php\/contact\/\"]}]},{\"@type\":\"BreadcrumbList\",\"@id\":\"https:\/\/www.fprh.fr\/index.php\/contact\/#breadcrumb\",\"itemListElement\":[{\"@type\":\"ListItem\",\"position\":1,\"name\":\"Accueil\",\"item\":\"https:\/\/www.fprh.fr\/\"},{\"@type\":\"ListItem\",\"position\":2,\"name\":\"Partenaires\"}]},{\"@type\":\"WebSite\",\"@id\":\"https:\/\/www.fprh.fr\/#website\",\"url\":\"https:\/\/www.fprh.fr\/\",\"name\":\"FPRH - la federation des centre experts h\u00e9patites\",\"description\":\"Ensemble contre les Maladies du Foie !\",\"publisher\":{\"@id\":\"https:\/\/www.fprh.fr\/#organization\"},\"alternateName\":\"FPRH\",\"potentialAction\":[{\"@type\":\"SearchAction\",\"target\":{\"@type\":\"EntryPoint\",\"urlTemplate\":\"https:\/\/www.fprh.fr\/?s={search_term_string}\"},\"query-input\":{\"@type\":\"PropertyValueSpecification\",\"valueRequired\":true,\"valueName\":\"search_term_string\"}}],\"inLanguage\":\"fr-FR\"},{\"@type\":\"Organization\",\"@id\":\"https:\/\/www.fprh.fr\/#organization\",\"name\":\"F\u00e9d\u00e9ration nationale des P\u00f4les de r\u00e9f\u00e9rence et R\u00e9seaux H\u00e9patites (FPRH)\",\"url\":\"https:\/\/www.fprh.fr\/\",\"logo\":{\"@type\":\"ImageObject\",\"inLanguage\":\"fr-FR\",\"@id\":\"https:\/\/www.fprh.fr\/#\/schema\/logo\/image\/\",\"url\":\"https:\/\/www.fprh.fr\/wp-content\/uploads\/2025\/05\/logo_FPRH_2025.jpg\",\"contentUrl\":\"https:\/\/www.fprh.fr\/wp-content\/uploads\/2025\/05\/logo_FPRH_2025.jpg\",\"width\":341,\"height\":172,\"caption\":\"F\u00e9d\u00e9ration nationale des P\u00f4les de r\u00e9f\u00e9rence et R\u00e9seaux H\u00e9patites (FPRH)\"},\"image\":{\"@id\":\"https:\/\/www.fprh.fr\/#\/schema\/logo\/image\/\"},\"sameAs\":[\"https:\/\/www.linkedin.com\/company\/fprh-f\u00e9d\u00e9ration-nationale-des-p\u00f4les-de-r\u00e9f\u00e9rence-et-r\u00e9seaux-h\u00e9patites\/\"]}]}<\/script>\n<!-- \/ Yoast SEO plugin. -->","yoast_head_json":{"title":"Partenaires - FPRH - la federation des centres experts h\u00e9patites","robots":{"index":"index","follow":"follow","max-snippet":"max-snippet:-1","max-image-preview":"max-image-preview:large","max-video-preview":"max-video-preview:-1"},"canonical":"https:\/\/www.fprh.fr\/index.php\/contact\/","og_locale":"fr_FR","og_type":"article","og_title":"Partenaires - FPRH - la federation des centres experts h\u00e9patites","og_description":"(liste non exhaustive) Institutionnels Industries priv\u00e9es Associations","og_url":"https:\/\/www.fprh.fr\/index.php\/contact\/","og_site_name":"FPRH - la federation des centres experts h\u00e9patites","article_modified_time":"2026-02-24T14:38:40+00:00","og_image":[{"width":341,"height":172,"url":"https:\/\/www.fprh.fr\/wp-content\/uploads\/2025\/05\/logo_FPRH_2025.jpg","type":"image\/jpeg"}],"twitter_card":"summary_large_image","twitter_misc":{"Dur\u00e9e de lecture estim\u00e9e":"1 minute"},"schema":{"@context":"https:\/\/schema.org","@graph":[{"@type":"WebPage","@id":"https:\/\/www.fprh.fr\/index.php\/contact\/","url":"https:\/\/www.fprh.fr\/index.php\/contact\/","name":"Partenaires - FPRH - la federation des centres experts h\u00e9patites","isPartOf":{"@id":"https:\/\/www.fprh.fr\/#website"},"datePublished":"2025-05-21T15:23:15+00:00","dateModified":"2026-02-24T14:38:40+00:00","breadcrumb":{"@id":"https:\/\/www.fprh.fr\/index.php\/contact\/#breadcrumb"},"inLanguage":"fr-FR","potentialAction":[{"@type":"ReadAction","target":["https:\/\/www.fprh.fr\/index.php\/contact\/"]}]},{"@type":"BreadcrumbList","@id":"https:\/\/www.fprh.fr\/index.php\/contact\/#breadcrumb","itemListElement":[{"@type":"ListItem","position":1,"name":"Accueil","item":"https:\/\/www.fprh.fr\/"},{"@type":"ListItem","position":2,"name":"Partenaires"}]},{"@type":"WebSite","@id":"https:\/\/www.fprh.fr\/#website","url":"https:\/\/www.fprh.fr\/","name":"FPRH - la federation des centre experts h\u00e9patites","description":"Ensemble contre les Maladies du Foie !","publisher":{"@id":"https:\/\/www.fprh.fr\/#organization"},"alternateName":"FPRH","potentialAction":[{"@type":"SearchAction","target":{"@type":"EntryPoint","urlTemplate":"https:\/\/www.fprh.fr\/?s={search_term_string}"},"query-input":{"@type":"PropertyValueSpecification","valueRequired":true,"valueName":"search_term_string"}}],"inLanguage":"fr-FR"},{"@type":"Organization","@id":"https:\/\/www.fprh.fr\/#organization","name":"F\u00e9d\u00e9ration nationale des P\u00f4les de r\u00e9f\u00e9rence et R\u00e9seaux H\u00e9patites (FPRH)","url":"https:\/\/www.fprh.fr\/","logo":{"@type":"ImageObject","inLanguage":"fr-FR","@id":"https:\/\/www.fprh.fr\/#\/schema\/logo\/image\/","url":"https:\/\/www.fprh.fr\/wp-content\/uploads\/2025\/05\/logo_FPRH_2025.jpg","contentUrl":"https:\/\/www.fprh.fr\/wp-content\/uploads\/2025\/05\/logo_FPRH_2025.jpg","width":341,"height":172,"caption":"F\u00e9d\u00e9ration nationale des P\u00f4les de r\u00e9f\u00e9rence et R\u00e9seaux H\u00e9patites (FPRH)"},"image":{"@id":"https:\/\/www.fprh.fr\/#\/schema\/logo\/image\/"},"sameAs":["https:\/\/www.linkedin.com\/company\/fprh-f\u00e9d\u00e9ration-nationale-des-p\u00f4les-de-r\u00e9f\u00e9rence-et-r\u00e9seaux-h\u00e9patites\/"]}]}},"_links":{"self":[{"href":"https:\/\/www.fprh.fr\/index.php\/wp-json\/wp\/v2\/pages\/19","targetHints":{"allow":["GET"]}}],"collection":[{"href":"https:\/\/www.fprh.fr\/index.php\/wp-json\/wp\/v2\/pages"}],"about":[{"href":"https:\/\/www.fprh.fr\/index.php\/wp-json\/wp\/v2\/types\/page"}],"author":[{"embeddable":true,"href":"https:\/\/www.fprh.fr\/index.php\/wp-json\/wp\/v2\/users\/1"}],"replies":[{"embeddable":true,"href":"https:\/\/www.fprh.fr\/index.php\/wp-json\/wp\/v2\/comments?post=19"}],"version-history":[{"count":16,"href":"https:\/\/www.fprh.fr\/index.php\/wp-json\/wp\/v2\/pages\/19\/revisions"}],"predecessor-version":[{"id":345,"href":"https:\/\/www.fprh.fr\/index.php\/wp-json\/wp\/v2\/pages\/19\/revisions\/345"}],"wp:attachment":[{"href":"https:\/\/www.fprh.fr\/index.php\/wp-json\/wp\/v2\/media?parent=19"}],"curies":[{"name":"wp","href":"https:\/\/api.w.org\/{rel}","templated":true}]}}