{"id":2,"date":"2025-05-21T16:23:16","date_gmt":"2025-05-21T14:23:16","guid":{"rendered":"http:\/\/byfvotf.cluster100.hosting.ovh.net\/?page_id=2"},"modified":"2026-03-30T17:29:04","modified_gmt":"2026-03-30T15:29:04","slug":"page-d-exemple","status":"publish","type":"page","link":"https:\/\/www.fprh.fr\/","title":{"rendered":"F\u00e9d\u00e9ration nationale des P\u00f4les de r\u00e9f\u00e9rence et R\u00e9seaux H\u00e9patites"},"content":{"rendered":"<ul class=\"wp-block-categories-list alignright wp-block-categories\">\t<li class=\"cat-item cat-item-13\"><a href=\"https:\/\/www.fprh.fr\/index.php\/category\/actu-fprh\/\">Actu FPRH<\/a>\n<\/li>\n\t<li class=\"cat-item cat-item-14\"><a href=\"https:\/\/www.fprh.fr\/index.php\/category\/actualite\/\">Actualit\u00e9<\/a>\n<\/li>\n\t<li class=\"cat-item cat-item-11\"><a href=\"https:\/\/www.fprh.fr\/index.php\/category\/hepatites-virales\/\">H\u00e9patites Virales<\/a>\n<\/li>\n\t<li class=\"cat-item cat-item-10\"><a href=\"https:\/\/www.fprh.fr\/index.php\/category\/masld-mash\/\">MASLD\/MASH<\/a>\n<\/li>\n\t<li class=\"cat-item cat-item-1\"><a href=\"https:\/\/www.fprh.fr\/index.php\/category\/non-classe\/\">Non class\u00e9<\/a>\n<\/li>\n\t<li class=\"cat-item cat-item-9\"><a href=\"https:\/\/www.fprh.fr\/index.php\/category\/partenariat\/\">Partenariat<\/a>\n<\/li>\n\t<li class=\"cat-item cat-item-25\"><a href=\"https:\/\/www.fprh.fr\/index.php\/category\/reseaux\/\">R\u00e9seaux<\/a>\n<\/li>\n\t<li class=\"cat-item cat-item-22\"><a href=\"https:\/\/www.fprh.fr\/index.php\/category\/sante-sexuelle-et-reproductive\/\">Sant\u00e9 Sexuelle et Reproductive<\/a>\n<\/li>\n\t<li class=\"cat-item cat-item-8\"><a href=\"https:\/\/www.fprh.fr\/index.php\/category\/selhv\/\">SELHV<\/a>\n<\/li>\n<\/ul>\n\n\n<div class=\"wp-block-group has-background\" style=\"background-color:#ebebeb\"><div class=\"wp-block-group__inner-container is-layout-constrained wp-block-group-is-layout-constrained\">\n<h2 class=\"wp-block-heading has-text-align-center\">Ensemble contre les Maladies du Foie !<\/h2>\n\n\n\n<p>La FPRH est une association loi 1901 dont l&rsquo;objectif est de coordonner les actions des p\u00f4les de r\u00e9f\u00e9rence et des r\u00e9seaux de lutte contre les h\u00e9patites virales et autres maladies du foie. Nous travaillons en collaboration avec des partenaires institutionnels, m\u00e9dicaux et associatifs pour am\u00e9liorer la prise en soins des patients.<\/p>\n<\/div><\/div>\n\n\n\n<div class=\"wp-block-group\"><div class=\"wp-block-group__inner-container is-layout-constrained wp-block-group-is-layout-constrained\">\n<div class=\"wp-block-group has-background-background-color has-background is-vertical is-layout-flex wp-container-core-group-is-layout-8cf370e7 wp-block-group-is-layout-flex\">\n<div class=\"wp-block-group has-background\" style=\"background-color:#ececec\"><div class=\"wp-block-group__inner-container is-layout-constrained wp-block-group-is-layout-constrained\">\n<h2 class=\"wp-block-heading\">Nos projets pour 2030<\/h2>\n\n\n\n<h3 class=\"wp-block-heading\">Axes Strat\u00e9giques<\/h3>\n\n\n\n<ul class=\"wp-block-list\">\n<li>Renforcement de la coordination des centres experts<\/li>\n\n\n\n<li>Promotion de la recherche et des \u00e9tudes cliniques<\/li>\n\n\n\n<li>D\u00e9veloppement d&rsquo;outils de communication et de formation<\/li>\n<\/ul>\n\n\n\n<h3 class=\"wp-block-heading\">Projets de D\u00e9veloppement<\/h3>\n\n\n\n<p>Nous visons \u00e0 \u00e9tendre nos actions aux maladies chroniques du foie, au-del\u00e0 des h\u00e9patites virales, avec une sp\u00e9cialisation dans la recherche, la pr\u00e9vention et l&rsquo;organisation des parcours de soins.<\/p>\n<\/div><\/div>\n<\/div>\n<\/div><\/div>\n\n\n\n<div class=\"wp-block-group\"><div class=\"wp-block-group__inner-container is-layout-constrained wp-block-group-is-layout-constrained\">\n<div class=\"wp-block-group\"><div class=\"wp-block-group__inner-container is-layout-constrained wp-block-group-is-layout-constrained\">\n<h4 class=\"wp-block-heading has-text-align-center\">Derni\u00e8res actualit\u00e9s<\/h4>\n\n\n<ul class=\"wp-block-latest-posts__list wp-block-latest-posts\"><li><a class=\"wp-block-latest-posts__post-title\" href=\"https:\/\/www.fprh.fr\/index.php\/2026\/02\/16\/resmetirom-acces-precoce-approuve-par-la-has-mash\/\">Resmetirom acc\u00e8s pr\u00e9coce approuv\u00e9 par la  HAS (MASH)<\/a><\/li>\n<li><a class=\"wp-block-latest-posts__post-title\" href=\"https:\/\/www.fprh.fr\/index.php\/2026\/02\/05\/optimisation-de-la-prise-en-charge-des-hepatites-chroniques-b-et-delta-pour-futures-recommandations-afef\/\">Optimisation de la prise en charge des h\u00e9patites chroniques B et Delta pour futures Recommandations AFEF<\/a><\/li>\n<li><a class=\"wp-block-latest-posts__post-title\" href=\"https:\/\/www.fprh.fr\/index.php\/2026\/01\/05\/la-fprh-vous-souhaite-une-belle-annee-2026\/\">La FPRH vous souhaite une belle ann\u00e9e 2026<\/a><\/li>\n<li><a class=\"wp-block-latest-posts__post-title\" href=\"https:\/\/www.fprh.fr\/index.php\/2025\/12\/11\/la-fprh-soutient-le-defi-de-janvier-2026\/\">La FPRH soutient le d\u00e9fi de janvier 2026 !<\/a><\/li>\n<li><a class=\"wp-block-latest-posts__post-title\" href=\"https:\/\/www.fprh.fr\/index.php\/2025\/11\/20\/la-fprh-au-forum-de-sos-hepatites\/\">La FPRH au Forum de SOS H\u00e9patites<\/a><\/li>\n<\/ul><\/div><\/div>\n<\/div><\/div>\n\n\n\n<div class=\"wp-block-group\"><div class=\"wp-block-group__inner-container is-layout-constrained wp-block-group-is-layout-constrained\">\n<div class=\"wp-block-group\"><div class=\"wp-block-group__inner-container is-layout-constrained wp-block-group-is-layout-constrained\">\n<div class=\"wp-block-group has-background\" style=\"background-color:#ececec\"><div class=\"wp-block-group__inner-container is-layout-constrained wp-block-group-is-layout-constrained\">\n<h2 class=\"wp-block-heading has-text-align-center\">Liste des 36 SELHV<\/h2>\n\n\n\n<h4 class=\"wp-block-heading has-text-align-center\">Services Experts de Lutte contre les H\u00e9patites Virales (Centres de r\u00e9f\u00e9rence \/ centres experts )<\/h4>\n\n\n\n<p><a href=\"https:\/\/www.fprh.fr\/index.php\/textes-reglementaires-des-selhv\/\" target=\"_blank\" rel=\"noreferrer noopener\">Voir la liste des textes r\u00e9glementaires d\u00e9finissant les SELHV<\/a><\/p>\n\n\n\n<figure class=\"wp-block-table is-style-stripes\"><table class=\"has-background has-fixed-layout\" style=\"background-color:#eaebdd\"><thead><tr><th>R\u00e9gions<\/th><th>Ville<\/th><\/tr><\/thead><tbody><tr><td>DOM-Antilles &#8211; Guadeloupe<\/td><td>Pointe \u00e0 Pitre<\/td><\/tr><tr><td>DOM-Antilles &#8211; Martinique<\/td><td>Fort de France<\/td><\/tr><tr><td>DOM-La R\u00e9union<\/td><td>Saint Pierre<\/td><\/tr><tr><td>Auvergne Rh\u00f4ne Alpes<\/td><td>Clermont-Ferrand<\/td><\/tr><tr><td>Auvergne Rh\u00f4ne Alpes<\/td><td>Grenoble<\/td><\/tr><tr><td>Auvergne Rh\u00f4ne Alpes<\/td><td>Lyon<\/td><\/tr><tr><td>Bourgogne Franche-Comt\u00e9<\/td><td>Dijon<\/td><\/tr><tr><td>Bourgogne Franche-Comt\u00e9<\/td><td>Besan\u00e7on<\/td><\/tr><tr><td>Bretagne<\/td><td>Rennes<\/td><\/tr><tr><td>Centre Val de Loire<\/td><td>Tours<\/td><\/tr><tr><td>Centre Val de Loire<\/td><td>Orl\u00e9ans<\/td><\/tr><tr><td>Grand Est Alsace<\/td><td>Strasbourg<\/td><\/tr><tr><td>Grand Est Lorraine<\/td><td>Metz<\/td><\/tr><tr><td>Grand Est Lorraine<\/td><td>Nancy<\/td><\/tr><tr><td>Grand Est Champagne-Ardennes<\/td><td>Reims<\/td><\/tr><tr><td>Hauts de France<\/td><td>Lille<\/td><\/tr><tr><td>Hauts de France<\/td><td>Amiens<\/td><\/tr><tr><td>Normandie<\/td><td>Caen<\/td><\/tr><tr><td>Normandie<\/td><td>Rouen<\/td><\/tr><tr><td>Nouvelle Aquitaine<\/td><td>Limoges<\/td><\/tr><tr><td>Nouvelle Aquitaine<\/td><td>Poitiers<\/td><\/tr><tr><td>Nouvelle Aquitaine<\/td><td>Bordeaux<\/td><\/tr><tr><td>Occitanie<\/td><td>Montpellier<\/td><\/tr><tr><td>Occitanie<\/td><td>Perpignan<\/td><\/tr><tr><td>Occitanie<\/td><td>Toulouse<\/td><\/tr><tr><td>Pays de Loire<\/td><td>Angers<\/td><\/tr><tr><td>Pays de Loire<\/td><td>Nantes<\/td><\/tr><tr><td>PACA<\/td><td>Marseille<\/td><\/tr><tr><td>PACA<\/td><td>Nice<\/td><\/tr><tr><td>IDF-REVHEPAT<\/td><td>Beaujon\/Clichy<\/td><\/tr><tr><td>IDF-R\u00e9seau Sud-Est<\/td><td>Henri Mondor\/Cr\u00e9teil<\/td><\/tr><tr><td>IDF-R\u00e9seau Paris Ouest<\/td><td>Cochin<\/td><\/tr><tr><td>IDF-R\u00e9seau Paris Sud<\/td><td>Piti\u00e9-Salp\u00eatri\u00e8re<\/td><\/tr><tr><td>IDF-Sud<\/td><td>Paul Brousse Villejuif<\/td><\/tr><tr><td>IDF R\u00e9seau Nord Est<\/td><td>Avicenne<\/td><\/tr><tr><td>IDF-R\u00e9seau Paris Est<\/td><td>Saint-Antoine<\/td><\/tr><\/tbody><\/table><\/figure>\n<\/div><\/div>\n<\/div><\/div>\n<\/div><\/div>\n\n\n\n<div class=\"wp-block-group\"><div class=\"wp-block-group__inner-container is-layout-constrained wp-block-group-is-layout-constrained\">\n<div class=\"wp-block-group\"><div class=\"wp-block-group__inner-container is-layout-constrained wp-block-group-is-layout-constrained\">\n<p class=\"has-text-align-center\">Cette page a \u00e9t\u00e9 modifi\u00e9e le <\/p>\n\n\n<div class=\"has-text-align-center wp-block-post-date__modified-date wp-block-post-date\"><time datetime=\"2026-03-30T17:29:04+02:00\">30 mars 2026<\/time><\/div><\/div><\/div>\n<\/div><\/div>\n","protected":false},"excerpt":{"rendered":"<p>Ensemble contre les Maladies du Foie ! La FPRH est une association loi 1901 dont l&rsquo;objectif est de coordonner les actions des p\u00f4les de r\u00e9f\u00e9rence et des r\u00e9seaux de lutte contre les h\u00e9patites virales et autres maladies du foie. Nous travaillons en collaboration avec des partenaires institutionnels, m\u00e9dicaux et associatifs pour am\u00e9liorer la prise en [&hellip;]<\/p>\n","protected":false},"author":1,"featured_media":0,"parent":0,"menu_order":0,"comment_status":"closed","ping_status":"closed","template":"","meta":{"footnotes":""},"class_list":["post-2","page","type-page","status-publish","hentry"],"yoast_head":"<!-- This site is optimized with the Yoast SEO plugin v25.7 - https:\/\/yoast.com\/wordpress\/plugins\/seo\/ -->\n<title>F\u00e9d\u00e9ration nationale des P\u00f4les de r\u00e9f\u00e9rence et R\u00e9seaux H\u00e9patites - FPRH - la federation des centres experts h\u00e9patites<\/title>\n<meta name=\"description\" content=\"La FPRH a l&#039;objectif de coordonner les actions des p\u00f4les de r\u00e9f\u00e9rence et des r\u00e9seaux de lutte contre les h\u00e9patites virales et autres maladies du foie.\" \/>\n<meta name=\"robots\" content=\"index, follow, max-snippet:-1, max-image-preview:large, max-video-preview:-1\" \/>\n<link rel=\"canonical\" href=\"https:\/\/www.fprh.fr\/\" \/>\n<meta property=\"og:locale\" content=\"fr_FR\" \/>\n<meta property=\"og:type\" content=\"article\" \/>\n<meta property=\"og:title\" content=\"F\u00e9d\u00e9ration nationale des P\u00f4les de r\u00e9f\u00e9rence et R\u00e9seaux H\u00e9patites - FPRH - la federation des centres experts h\u00e9patites\" \/>\n<meta property=\"og:description\" content=\"La FPRH a l&#039;objectif de coordonner les actions des p\u00f4les de r\u00e9f\u00e9rence et des r\u00e9seaux de lutte contre les h\u00e9patites virales et autres maladies du foie.\" \/>\n<meta property=\"og:url\" content=\"https:\/\/www.fprh.fr\/\" \/>\n<meta property=\"og:site_name\" content=\"FPRH - la federation des centres experts h\u00e9patites\" \/>\n<meta property=\"article:modified_time\" content=\"2026-03-30T15:29:04+00:00\" \/>\n<meta property=\"og:image\" content=\"https:\/\/www.fprh.fr\/wp-content\/uploads\/2025\/05\/logo_FPRH_2025.jpg\" \/>\n\t<meta property=\"og:image:width\" content=\"341\" \/>\n\t<meta property=\"og:image:height\" content=\"172\" \/>\n\t<meta property=\"og:image:type\" content=\"image\/jpeg\" \/>\n<meta name=\"twitter:card\" content=\"summary_large_image\" \/>\n<meta name=\"twitter:label1\" content=\"Dur\u00e9e de lecture estim\u00e9e\" \/>\n\t<meta name=\"twitter:data1\" content=\"2 minutes\" \/>\n<script type=\"application\/ld+json\" class=\"yoast-schema-graph\">{\"@context\":\"https:\/\/schema.org\",\"@graph\":[{\"@type\":\"WebPage\",\"@id\":\"https:\/\/www.fprh.fr\/\",\"url\":\"https:\/\/www.fprh.fr\/\",\"name\":\"F\u00e9d\u00e9ration nationale des P\u00f4les de r\u00e9f\u00e9rence et R\u00e9seaux H\u00e9patites - FPRH - la federation des centres experts h\u00e9patites\",\"isPartOf\":{\"@id\":\"https:\/\/www.fprh.fr\/#website\"},\"datePublished\":\"2025-05-21T14:23:16+00:00\",\"dateModified\":\"2026-03-30T15:29:04+00:00\",\"description\":\"La FPRH a l'objectif de coordonner les actions des p\u00f4les de r\u00e9f\u00e9rence et des r\u00e9seaux de lutte contre les h\u00e9patites virales et autres maladies du foie.\",\"breadcrumb\":{\"@id\":\"https:\/\/www.fprh.fr\/#breadcrumb\"},\"inLanguage\":\"fr-FR\",\"potentialAction\":[{\"@type\":\"ReadAction\",\"target\":[\"https:\/\/www.fprh.fr\/\"]}]},{\"@type\":\"BreadcrumbList\",\"@id\":\"https:\/\/www.fprh.fr\/#breadcrumb\",\"itemListElement\":[{\"@type\":\"ListItem\",\"position\":1,\"name\":\"Accueil\",\"item\":\"https:\/\/www.fprh.fr\/\"},{\"@type\":\"ListItem\",\"position\":2,\"name\":\"F\u00e9d\u00e9ration nationale des P\u00f4les de r\u00e9f\u00e9rence et R\u00e9seaux H\u00e9patites\"}]},{\"@type\":\"WebSite\",\"@id\":\"https:\/\/www.fprh.fr\/#website\",\"url\":\"https:\/\/www.fprh.fr\/\",\"name\":\"FPRH - la federation des centre experts h\u00e9patites\",\"description\":\"Ensemble contre les Maladies du Foie !\",\"publisher\":{\"@id\":\"https:\/\/www.fprh.fr\/#organization\"},\"alternateName\":\"FPRH\",\"potentialAction\":[{\"@type\":\"SearchAction\",\"target\":{\"@type\":\"EntryPoint\",\"urlTemplate\":\"https:\/\/www.fprh.fr\/?s={search_term_string}\"},\"query-input\":{\"@type\":\"PropertyValueSpecification\",\"valueRequired\":true,\"valueName\":\"search_term_string\"}}],\"inLanguage\":\"fr-FR\"},{\"@type\":\"Organization\",\"@id\":\"https:\/\/www.fprh.fr\/#organization\",\"name\":\"F\u00e9d\u00e9ration nationale des P\u00f4les de r\u00e9f\u00e9rence et R\u00e9seaux H\u00e9patites (FPRH)\",\"url\":\"https:\/\/www.fprh.fr\/\",\"logo\":{\"@type\":\"ImageObject\",\"inLanguage\":\"fr-FR\",\"@id\":\"https:\/\/www.fprh.fr\/#\/schema\/logo\/image\/\",\"url\":\"https:\/\/www.fprh.fr\/wp-content\/uploads\/2025\/05\/logo_FPRH_2025.jpg\",\"contentUrl\":\"https:\/\/www.fprh.fr\/wp-content\/uploads\/2025\/05\/logo_FPRH_2025.jpg\",\"width\":341,\"height\":172,\"caption\":\"F\u00e9d\u00e9ration nationale des P\u00f4les de r\u00e9f\u00e9rence et R\u00e9seaux H\u00e9patites (FPRH)\"},\"image\":{\"@id\":\"https:\/\/www.fprh.fr\/#\/schema\/logo\/image\/\"},\"sameAs\":[\"https:\/\/www.linkedin.com\/company\/fprh-f\u00e9d\u00e9ration-nationale-des-p\u00f4les-de-r\u00e9f\u00e9rence-et-r\u00e9seaux-h\u00e9patites\/\"]}]}<\/script>\n<!-- \/ Yoast SEO plugin. -->","yoast_head_json":{"title":"F\u00e9d\u00e9ration nationale des P\u00f4les de r\u00e9f\u00e9rence et R\u00e9seaux H\u00e9patites - FPRH - la federation des centres experts h\u00e9patites","description":"La FPRH a l'objectif de coordonner les actions des p\u00f4les de r\u00e9f\u00e9rence et des r\u00e9seaux de lutte contre les h\u00e9patites virales et autres maladies du foie.","robots":{"index":"index","follow":"follow","max-snippet":"max-snippet:-1","max-image-preview":"max-image-preview:large","max-video-preview":"max-video-preview:-1"},"canonical":"https:\/\/www.fprh.fr\/","og_locale":"fr_FR","og_type":"article","og_title":"F\u00e9d\u00e9ration nationale des P\u00f4les de r\u00e9f\u00e9rence et R\u00e9seaux H\u00e9patites - FPRH - la federation des centres experts h\u00e9patites","og_description":"La FPRH a l'objectif de coordonner les actions des p\u00f4les de r\u00e9f\u00e9rence et des r\u00e9seaux de lutte contre les h\u00e9patites virales et autres maladies du foie.","og_url":"https:\/\/www.fprh.fr\/","og_site_name":"FPRH - la federation des centres experts h\u00e9patites","article_modified_time":"2026-03-30T15:29:04+00:00","og_image":[{"width":341,"height":172,"url":"https:\/\/www.fprh.fr\/wp-content\/uploads\/2025\/05\/logo_FPRH_2025.jpg","type":"image\/jpeg"}],"twitter_card":"summary_large_image","twitter_misc":{"Dur\u00e9e de lecture estim\u00e9e":"2 minutes"},"schema":{"@context":"https:\/\/schema.org","@graph":[{"@type":"WebPage","@id":"https:\/\/www.fprh.fr\/","url":"https:\/\/www.fprh.fr\/","name":"F\u00e9d\u00e9ration nationale des P\u00f4les de r\u00e9f\u00e9rence et R\u00e9seaux H\u00e9patites - FPRH - la federation des centres experts h\u00e9patites","isPartOf":{"@id":"https:\/\/www.fprh.fr\/#website"},"datePublished":"2025-05-21T14:23:16+00:00","dateModified":"2026-03-30T15:29:04+00:00","description":"La FPRH a l'objectif de coordonner les actions des p\u00f4les de r\u00e9f\u00e9rence et des r\u00e9seaux de lutte contre les h\u00e9patites virales et autres maladies du foie.","breadcrumb":{"@id":"https:\/\/www.fprh.fr\/#breadcrumb"},"inLanguage":"fr-FR","potentialAction":[{"@type":"ReadAction","target":["https:\/\/www.fprh.fr\/"]}]},{"@type":"BreadcrumbList","@id":"https:\/\/www.fprh.fr\/#breadcrumb","itemListElement":[{"@type":"ListItem","position":1,"name":"Accueil","item":"https:\/\/www.fprh.fr\/"},{"@type":"ListItem","position":2,"name":"F\u00e9d\u00e9ration nationale des P\u00f4les de r\u00e9f\u00e9rence et R\u00e9seaux H\u00e9patites"}]},{"@type":"WebSite","@id":"https:\/\/www.fprh.fr\/#website","url":"https:\/\/www.fprh.fr\/","name":"FPRH - la federation des centre experts h\u00e9patites","description":"Ensemble contre les Maladies du Foie !","publisher":{"@id":"https:\/\/www.fprh.fr\/#organization"},"alternateName":"FPRH","potentialAction":[{"@type":"SearchAction","target":{"@type":"EntryPoint","urlTemplate":"https:\/\/www.fprh.fr\/?s={search_term_string}"},"query-input":{"@type":"PropertyValueSpecification","valueRequired":true,"valueName":"search_term_string"}}],"inLanguage":"fr-FR"},{"@type":"Organization","@id":"https:\/\/www.fprh.fr\/#organization","name":"F\u00e9d\u00e9ration nationale des P\u00f4les de r\u00e9f\u00e9rence et R\u00e9seaux H\u00e9patites (FPRH)","url":"https:\/\/www.fprh.fr\/","logo":{"@type":"ImageObject","inLanguage":"fr-FR","@id":"https:\/\/www.fprh.fr\/#\/schema\/logo\/image\/","url":"https:\/\/www.fprh.fr\/wp-content\/uploads\/2025\/05\/logo_FPRH_2025.jpg","contentUrl":"https:\/\/www.fprh.fr\/wp-content\/uploads\/2025\/05\/logo_FPRH_2025.jpg","width":341,"height":172,"caption":"F\u00e9d\u00e9ration nationale des P\u00f4les de r\u00e9f\u00e9rence et R\u00e9seaux H\u00e9patites (FPRH)"},"image":{"@id":"https:\/\/www.fprh.fr\/#\/schema\/logo\/image\/"},"sameAs":["https:\/\/www.linkedin.com\/company\/fprh-f\u00e9d\u00e9ration-nationale-des-p\u00f4les-de-r\u00e9f\u00e9rence-et-r\u00e9seaux-h\u00e9patites\/"]}]}},"_links":{"self":[{"href":"https:\/\/www.fprh.fr\/index.php\/wp-json\/wp\/v2\/pages\/2","targetHints":{"allow":["GET"]}}],"collection":[{"href":"https:\/\/www.fprh.fr\/index.php\/wp-json\/wp\/v2\/pages"}],"about":[{"href":"https:\/\/www.fprh.fr\/index.php\/wp-json\/wp\/v2\/types\/page"}],"author":[{"embeddable":true,"href":"https:\/\/www.fprh.fr\/index.php\/wp-json\/wp\/v2\/users\/1"}],"replies":[{"embeddable":true,"href":"https:\/\/www.fprh.fr\/index.php\/wp-json\/wp\/v2\/comments?post=2"}],"version-history":[{"count":41,"href":"https:\/\/www.fprh.fr\/index.php\/wp-json\/wp\/v2\/pages\/2\/revisions"}],"predecessor-version":[{"id":361,"href":"https:\/\/www.fprh.fr\/index.php\/wp-json\/wp\/v2\/pages\/2\/revisions\/361"}],"wp:attachment":[{"href":"https:\/\/www.fprh.fr\/index.php\/wp-json\/wp\/v2\/media?parent=2"}],"curies":[{"name":"wp","href":"https:\/\/api.w.org\/{rel}","templated":true}]}}